{"id":4016,"date":"2026-05-03T18:28:18","date_gmt":"2026-05-03T17:28:18","guid":{"rendered":"https:\/\/www.silken.windhound.com\/starcastlehounds\/?page_id=4016"},"modified":"2026-05-03T18:50:15","modified_gmt":"2026-05-03T17:50:15","slug":"ar-dina-silkens-slakt-med-varandra","status":"publish","type":"page","link":"https:\/\/www.silken.windhound.com\/starcastlehounds\/silken-windhounds-i-sverige\/ar-dina-silkens-slakt-med-varandra\/","title":{"rendered":"\u00c4r dina Silkens sl\u00e4kt med varandra?"},"content":{"rendered":"\n<p>Silken Windhounds \u00e4r som popcorn, har man en blir det snart fler \ud83d\ude01<br><strong><em>En av de fr\u00e5gor man brukar f\u00e5 p\u00e5 stan \u00e4r: \u00c4r dina hundar sl\u00e4kt?<\/em><\/strong><\/p>\n\n\n\n<p>F\u00f6r att svara p\u00e5 det m\u00e5ste du ha l\u00e4st stamtavlorna, <strong>men d\u00e5 m\u00f6ts du av det h\u00e4r<\/strong>:<\/p>\n\n\n\n<div class=\"wp-block-media-text is-stacked-on-mobile\"><figure class=\"wp-block-media-text__media\"><img data-opt-id=1365797926  fetchpriority=\"high\" decoding=\"async\" width=\"359\" height=\"985\" src=\"https:\/\/mlvpf61vi6vj.i.optimole.com\/w:auto\/h:auto\/q:mauto\/f:best\/https:\/\/www.silken.windhound.com\/starcastlehounds\/wp-content\/uploads\/2026\/05\/5-generations.png\" alt=\"\" class=\"wp-image-4019 size-full\" srcset=\"https:\/\/mlvpf61vi6vj.i.optimole.com\/w:359\/h:985\/q:mauto\/f:best\/https:\/\/www.silken.windhound.com\/starcastlehounds\/wp-content\/uploads\/2026\/05\/5-generations.png 359w, https:\/\/mlvpf61vi6vj.i.optimole.com\/w:109\/h:300\/q:mauto\/f:best\/https:\/\/www.silken.windhound.com\/starcastlehounds\/wp-content\/uploads\/2026\/05\/5-generations.png 109w\" sizes=\"(max-width: 359px) 100vw, 359px\" \/><\/figure><div class=\"wp-block-media-text__content\">\n<p>\u00c4r man van vid att l\u00e4sa stamtavlor har man s\u00e4kert buskoll p\u00e5 det h\u00e4r, men \u00e4r man ny p\u00e5 att l\u00e4sa stamtavlor blir en stamtavla vi hittar p\u00e5 webben i 5 generationer med 62 anf\u00e4der \u2014  l\u00e4tt lite \u00f6verv\u00e4ldigande.<\/p>\n\n\n\n<p>Somliga med bild, andra utan.<\/p>\n\n\n\n<p> Bara en massa ok\u00e4nda namn som inte s\u00e4ger dig s\u00e5 mycket.<\/p>\n\n\n\n<p>Att d\u00e5 titta inte p\u00e5 en utan TV\u00c5 s\u00e5dana 5-generationers stamtavlor och f\u00f6rs\u00f6ka j\u00e4mf\u00f6ra dem och se var dina hundar g\u00e5r ihop bak\u00e5t i sl\u00e4ktlinjerna, det \u00e4r inte helt l\u00e4tt och man kan f\u00e5 t\u00e4nka en stund.<\/p>\n\n\n\n<p class=\"has-custom-starcastle-gol-color has-text-color has-link-color has-medium-font-size wp-elements-e5ad629b545e46328f9e78115c8b162a\">Du beh\u00f6ver bara se det h\u00e4r!<\/p>\n\n\n\n<p><\/p>\n<\/div><\/div>\n\n\n\n<p><\/p>\n\n\n\n<p><\/p>\n\n\n\n<figure class=\"wp-block-image aligncenter size-full has-custom-border\"><img data-opt-id=499174631  fetchpriority=\"high\" decoding=\"async\" width=\"879\" height=\"475\" src=\"https:\/\/mlvpf61vi6vj.i.optimole.com\/w:auto\/h:auto\/q:mauto\/f:best\/https:\/\/www.silken.windhound.com\/starcastlehounds\/wp-content\/uploads\/2026\/05\/graphics.png\" alt=\"\" class=\"has-border-color wp-image-4028\" style=\"border-color:#7b6b49;border-width:5px;border-top-left-radius:41px;border-top-right-radius:41px;border-bottom-left-radius:41px;border-bottom-right-radius:41px\" srcset=\"https:\/\/mlvpf61vi6vj.i.optimole.com\/w:879\/h:475\/q:mauto\/f:best\/https:\/\/www.silken.windhound.com\/starcastlehounds\/wp-content\/uploads\/2026\/05\/graphics.png 879w, https:\/\/mlvpf61vi6vj.i.optimole.com\/w:300\/h:162\/q:mauto\/f:best\/https:\/\/www.silken.windhound.com\/starcastlehounds\/wp-content\/uploads\/2026\/05\/graphics.png 300w, https:\/\/mlvpf61vi6vj.i.optimole.com\/w:768\/h:415\/q:mauto\/f:best\/https:\/\/www.silken.windhound.com\/starcastlehounds\/wp-content\/uploads\/2026\/05\/graphics.png 768w\" sizes=\"(max-width: 879px) 100vw, 879px\" \/><\/figure>\n\n\n\n<p><\/p>\n\n\n\n<p><\/p>\n\n\n\n<p><\/p>\n\n\n\n<p><\/p>\n\n\n\n<p>Det h\u00e4r visar den alla n\u00e4rmaste kopplingen (i generationer r\u00e4knat) mellan dina 2 hundar<\/p>\n\n\n\n<p>Inget mer.<br>Inga 62 namn.<br>Bara svaret.<\/p>\n\n\n\n<p><\/p>\n\n\n\n<p><strong><em>Hur g\u00f6r man en s\u00e5n?<\/em><\/strong><\/p>\n\n\n\n<p><a href=\"https:\/\/silkenwindhounds.org\/\" title=\"ISWS, International Silken Windhound Society\" target=\"_blank\" rel=\"noopener noreferrer nofollow\">ISWS, International Silken Windhound Society<\/a> har stamboken f\u00f6r alla v\u00e4rldens Silken Windhounds online. <br>D\u00e4r finns ocks\u00e5 databasen<\/p>\n\n\n\n<p>G\u00e5 till <a href=\"https:\/\/db.isws.org\/\" title=\"Silken Windhound Database\" target=\"_blank\" rel=\"noopener noreferrer nofollow\">Silken Windhound Database<\/a><\/p>\n\n\n\n<p><\/p>\n\n\n\n<p>D\u00e4r kan man hitta funktionen Ancestry Connection, som ger dig en grafisk presentation av just den bit i b\u00e5da stamtavlorna d\u00e4r de g\u00e5r ihop.<\/p>\n\n\n\n<figure class=\"wp-block-image size-full\"><img data-opt-id=1120929914  data-opt-src=\"https:\/\/mlvpf61vi6vj.i.optimole.com\/w:auto\/h:auto\/q:mauto\/f:best\/https:\/\/www.silken.windhound.com\/starcastlehounds\/wp-content\/uploads\/2026\/05\/menu.png\"  decoding=\"async\" width=\"249\" height=\"389\" src=\"data:image/svg+xml,%3Csvg%20viewBox%3D%220%200%20100%%20100%%22%20width%3D%22100%%22%20height%3D%22100%%22%20xmlns%3D%22http%3A%2F%2Fwww.w3.org%2F2000%2Fsvg%22%3E%3Crect%20width%3D%22100%%22%20height%3D%22100%%22%20fill%3D%22transparent%22%2F%3E%3C%2Fsvg%3E\" alt=\"\" class=\"wp-image-4029\" old-srcset=\"https:\/\/mlvpf61vi6vj.i.optimole.com\/w:249\/h:389\/q:mauto\/f:best\/https:\/\/www.silken.windhound.com\/starcastlehounds\/wp-content\/uploads\/2026\/05\/menu.png 249w, https:\/\/mlvpf61vi6vj.i.optimole.com\/w:192\/h:300\/q:mauto\/f:best\/https:\/\/www.silken.windhound.com\/starcastlehounds\/wp-content\/uploads\/2026\/05\/menu.png 192w\" \/><noscript><img data-opt-id=1120929914  decoding=\"async\" width=\"249\" height=\"389\" src=\"https:\/\/mlvpf61vi6vj.i.optimole.com\/w:auto\/h:auto\/q:mauto\/f:best\/https:\/\/www.silken.windhound.com\/starcastlehounds\/wp-content\/uploads\/2026\/05\/menu.png\" alt=\"\" class=\"wp-image-4029\" srcset=\"https:\/\/mlvpf61vi6vj.i.optimole.com\/w:249\/h:389\/q:mauto\/f:best\/https:\/\/mlvpf61vi6vj.i.optimole.com\/w:auto\/h:auto\/q:mauto\/f:best\/https:\/\/www.silken.windhound.com\/starcastlehounds\/wp-content\/uploads\/2026\/05\/menu.png 249w, https:\/\/mlvpf61vi6vj.i.optimole.com\/w:192\/h:300\/q:mauto\/f:best\/https:\/\/mlvpf61vi6vj.i.optimole.com\/w:auto\/h:auto\/q:mauto\/f:best\/https:\/\/www.silken.windhound.com\/starcastlehounds\/wp-content\/uploads\/2026\/05\/menu.png 192w\" sizes=\"(max-width: 249px) 100vw, 249px\" \/></noscript><\/figure>\n\n\n\n<figure class=\"wp-block-image size-full\"><img data-opt-id=671452617  data-opt-src=\"https:\/\/mlvpf61vi6vj.i.optimole.com\/w:auto\/h:auto\/q:mauto\/f:best\/https:\/\/www.silken.windhound.com\/starcastlehounds\/wp-content\/uploads\/2026\/05\/How-to-1.png\"  decoding=\"async\" width=\"930\" height=\"284\" src=\"data:image/svg+xml,%3Csvg%20viewBox%3D%220%200%20100%%20100%%22%20width%3D%22100%%22%20height%3D%22100%%22%20xmlns%3D%22http%3A%2F%2Fwww.w3.org%2F2000%2Fsvg%22%3E%3Crect%20width%3D%22100%%22%20height%3D%22100%%22%20fill%3D%22transparent%22%2F%3E%3C%2Fsvg%3E\" alt=\"\" class=\"wp-image-4030\" old-srcset=\"https:\/\/mlvpf61vi6vj.i.optimole.com\/w:930\/h:284\/q:mauto\/f:best\/https:\/\/www.silken.windhound.com\/starcastlehounds\/wp-content\/uploads\/2026\/05\/How-to-1.png 930w, https:\/\/mlvpf61vi6vj.i.optimole.com\/w:300\/h:92\/q:mauto\/f:best\/https:\/\/www.silken.windhound.com\/starcastlehounds\/wp-content\/uploads\/2026\/05\/How-to-1.png 300w, https:\/\/mlvpf61vi6vj.i.optimole.com\/w:768\/h:235\/q:mauto\/f:best\/https:\/\/www.silken.windhound.com\/starcastlehounds\/wp-content\/uploads\/2026\/05\/How-to-1.png 768w\" \/><noscript><img data-opt-id=671452617  decoding=\"async\" width=\"930\" height=\"284\" src=\"https:\/\/mlvpf61vi6vj.i.optimole.com\/w:auto\/h:auto\/q:mauto\/f:best\/https:\/\/www.silken.windhound.com\/starcastlehounds\/wp-content\/uploads\/2026\/05\/How-to-1.png\" alt=\"\" class=\"wp-image-4030\" srcset=\"https:\/\/mlvpf61vi6vj.i.optimole.com\/w:930\/h:284\/q:mauto\/f:best\/https:\/\/mlvpf61vi6vj.i.optimole.com\/w:auto\/h:auto\/q:mauto\/f:best\/https:\/\/www.silken.windhound.com\/starcastlehounds\/wp-content\/uploads\/2026\/05\/How-to-1.png 930w, https:\/\/mlvpf61vi6vj.i.optimole.com\/w:300\/h:92\/q:mauto\/f:best\/https:\/\/mlvpf61vi6vj.i.optimole.com\/w:auto\/h:auto\/q:mauto\/f:best\/https:\/\/www.silken.windhound.com\/starcastlehounds\/wp-content\/uploads\/2026\/05\/How-to-1.png 300w, https:\/\/mlvpf61vi6vj.i.optimole.com\/w:768\/h:235\/q:mauto\/f:best\/https:\/\/mlvpf61vi6vj.i.optimole.com\/w:auto\/h:auto\/q:mauto\/f:best\/https:\/\/www.silken.windhound.com\/starcastlehounds\/wp-content\/uploads\/2026\/05\/How-to-1.png 768w\" sizes=\"(max-width: 930px) 100vw, 930px\" \/></noscript><\/figure>\n\n\n\n<p>Klicka p\u00e5 Find Relationsship och du f\u00e5r f\u00f6rst denna bild, <strong><em>under<\/em><\/strong> den finns den grafiska presentationen<\/p>\n\n\n\n<figure class=\"wp-block-image size-full\"><img data-opt-id=816357354  data-opt-src=\"https:\/\/mlvpf61vi6vj.i.optimole.com\/w:auto\/h:auto\/q:mauto\/f:best\/https:\/\/www.silken.windhound.com\/starcastlehounds\/wp-content\/uploads\/2026\/05\/text-presentation.png\"  decoding=\"async\" width=\"944\" height=\"711\" src=\"data:image/svg+xml,%3Csvg%20viewBox%3D%220%200%20100%%20100%%22%20width%3D%22100%%22%20height%3D%22100%%22%20xmlns%3D%22http%3A%2F%2Fwww.w3.org%2F2000%2Fsvg%22%3E%3Crect%20width%3D%22100%%22%20height%3D%22100%%22%20fill%3D%22transparent%22%2F%3E%3C%2Fsvg%3E\" alt=\"\" class=\"wp-image-4031\" old-srcset=\"https:\/\/mlvpf61vi6vj.i.optimole.com\/w:944\/h:711\/q:mauto\/f:best\/https:\/\/www.silken.windhound.com\/starcastlehounds\/wp-content\/uploads\/2026\/05\/text-presentation.png 944w, https:\/\/mlvpf61vi6vj.i.optimole.com\/w:300\/h:226\/q:mauto\/f:best\/https:\/\/www.silken.windhound.com\/starcastlehounds\/wp-content\/uploads\/2026\/05\/text-presentation.png 300w, https:\/\/mlvpf61vi6vj.i.optimole.com\/w:768\/h:578\/q:mauto\/f:best\/https:\/\/www.silken.windhound.com\/starcastlehounds\/wp-content\/uploads\/2026\/05\/text-presentation.png 768w\" \/><noscript><img data-opt-id=816357354  decoding=\"async\" width=\"944\" height=\"711\" src=\"https:\/\/mlvpf61vi6vj.i.optimole.com\/w:auto\/h:auto\/q:mauto\/f:best\/https:\/\/www.silken.windhound.com\/starcastlehounds\/wp-content\/uploads\/2026\/05\/text-presentation.png\" alt=\"\" class=\"wp-image-4031\" srcset=\"https:\/\/mlvpf61vi6vj.i.optimole.com\/w:944\/h:711\/q:mauto\/f:best\/https:\/\/mlvpf61vi6vj.i.optimole.com\/w:auto\/h:auto\/q:mauto\/f:best\/https:\/\/www.silken.windhound.com\/starcastlehounds\/wp-content\/uploads\/2026\/05\/text-presentation.png 944w, https:\/\/mlvpf61vi6vj.i.optimole.com\/w:300\/h:226\/q:mauto\/f:best\/https:\/\/mlvpf61vi6vj.i.optimole.com\/w:auto\/h:auto\/q:mauto\/f:best\/https:\/\/www.silken.windhound.com\/starcastlehounds\/wp-content\/uploads\/2026\/05\/text-presentation.png 300w, https:\/\/mlvpf61vi6vj.i.optimole.com\/w:768\/h:578\/q:mauto\/f:best\/https:\/\/mlvpf61vi6vj.i.optimole.com\/w:auto\/h:auto\/q:mauto\/f:best\/https:\/\/www.silken.windhound.com\/starcastlehounds\/wp-content\/uploads\/2026\/05\/text-presentation.png 768w\" sizes=\"(max-width: 944px) 100vw, 944px\" \/></noscript><\/figure>\n\n\n\n<div style=\"height:40px\" aria-hidden=\"true\" class=\"wp-block-spacer\"><\/div>\n\n\n\n<p>Funktionen \u00e4r skapad av Nic Cross, som inte tyckte att stamtavlor var s\u00e4rskilt l\u00e4ttl\u00e4sta.<\/p>\n\n\n\n<p>S\u00e5 han l\u00f6ste det p\u00e5 sitt eget s\u00e4tt.<\/p>\n\n\n\n<div class=\"wp-block-group has-border-color has-custom-starcastle-gol-border-color is-layout-constrained wp-container-core-group-is-layout-a35945ca wp-block-group-is-layout-constrained\" style=\"border-width:3px;padding-top:var(--wp--preset--spacing--30);padding-right:var(--wp--preset--spacing--30);padding-bottom:var(--wp--preset--spacing--30);padding-left:var(--wp--preset--spacing--30)\">\n<p class=\"has-custom-accent-color has-text-color has-link-color wp-elements-2c0c3a3f01ea03706cfa28e8fc136667\"><em>OBS!<br>Hela denna sida g\u00e4ller endast rasen Silken Windhound och deras databas \u00f6ver stamtavlor p\u00e5 webben<\/em>.<\/p>\n<\/div>\n\n\n\n<p><\/p>\n","protected":false},"excerpt":{"rendered":"<p>Enklaste s\u00e4ttet att se om tv\u00e5 Silken Windhounds \u00e4r sl\u00e4kt med varandra, och hur n\u00e4ra.<\/p>\n","protected":false},"author":3,"featured_media":0,"parent":2940,"menu_order":0,"comment_status":"closed","ping_status":"closed","template":"long-oage","meta":{"_lmt_disableupdate":"","_lmt_disable":"","slim_seo":{"title":"\u00c4r dina Silkens sl\u00e4kt med varandra?","description":"Enklaste s\u00e4ttet att se om tv\u00e5 Silken Windhounds \u00e4r sl\u00e4kt med varandra, och hur n\u00e4ra."},"footnotes":""},"class_list":["post-4016","page","type-page","status-publish","hentry"],"featured_image_src":null,"_links":{"self":[{"href":"https:\/\/www.silken.windhound.com\/starcastlehounds\/wp-json\/wp\/v2\/pages\/4016","targetHints":{"allow":["GET"]}}],"collection":[{"href":"https:\/\/www.silken.windhound.com\/starcastlehounds\/wp-json\/wp\/v2\/pages"}],"about":[{"href":"https:\/\/www.silken.windhound.com\/starcastlehounds\/wp-json\/wp\/v2\/types\/page"}],"author":[{"embeddable":true,"href":"https:\/\/www.silken.windhound.com\/starcastlehounds\/wp-json\/wp\/v2\/users\/3"}],"replies":[{"embeddable":true,"href":"https:\/\/www.silken.windhound.com\/starcastlehounds\/wp-json\/wp\/v2\/comments?post=4016"}],"version-history":[{"count":36,"href":"https:\/\/www.silken.windhound.com\/starcastlehounds\/wp-json\/wp\/v2\/pages\/4016\/revisions"}],"predecessor-version":[{"id":4098,"href":"https:\/\/www.silken.windhound.com\/starcastlehounds\/wp-json\/wp\/v2\/pages\/4016\/revisions\/4098"}],"up":[{"embeddable":true,"href":"https:\/\/www.silken.windhound.com\/starcastlehounds\/wp-json\/wp\/v2\/pages\/2940"}],"wp:attachment":[{"href":"https:\/\/www.silken.windhound.com\/starcastlehounds\/wp-json\/wp\/v2\/media?parent=4016"}],"curies":[{"name":"wp","href":"https:\/\/api.w.org\/{rel}","templated":true}]}}