{"id":2970,"date":"2026-04-15T17:45:56","date_gmt":"2026-04-15T16:45:56","guid":{"rendered":"https:\/\/www.silken.windhound.com\/starcastlehounds\/?page_id=2970"},"modified":"2026-04-21T21:58:39","modified_gmt":"2026-04-21T20:58:39","slug":"fss-sverige","status":"publish","type":"page","link":"https:\/\/www.silken.windhound.com\/starcastlehounds\/silken-windhounds-i-sverige\/fss-sverige\/","title":{"rendered":"FSS, vad betyder det f\u00f6r rasen i Sverige?"},"content":{"rendered":"\n<p><\/p>\n\n\n\n<p>F\u00f6r att f\u00f6rst\u00e5 varf\u00f6r FSS \u00e4r viktigt beh\u00f6ver man lyfta blicken utanf\u00f6r USA.<\/p>\n\n\n\n<details class=\"wp-block-details is-layout-flow wp-block-details-is-layout-flow\"><summary><strong>L\u00e4s mer om vad FSS \u00e4r<\/strong><\/summary>\n<figure class=\"wp-block-embed is-type-wp-embed is-provider-kennel-starcastle-hound-039-s-sweden wp-block-embed-kennel-starcastle-hound-039-s-sweden\"><div class=\"wp-block-embed__wrapper\">\n<blockquote class=\"wp-embedded-content\" data-secret=\"d5igTZ4aKW\"><a href=\"https:\/\/www.silken.windhound.com\/starcastlehounds\/silken-windhounds-i-sverige\/fss-foundation-stock-service\/\">FSS Foundation Stock Service<\/a><\/blockquote><iframe class=\"wp-embedded-content\" sandbox=\"allow-scripts\" security=\"restricted\" style=\"position: absolute; visibility: hidden;\" title=\"&#8220;FSS Foundation Stock Service&#8221; &#8212; Kennel Starcastle Hound&#039;s, Sweden\" src=\"https:\/\/www.silken.windhound.com\/starcastlehounds\/silken-windhounds-i-sverige\/fss-foundation-stock-service\/embed\/#?secret=o9mQpRN3ZE#?secret=d5igTZ4aKW\" data-secret=\"d5igTZ4aKW\" width=\"500\" height=\"282\" frameborder=\"0\" marginwidth=\"0\" marginheight=\"0\" scrolling=\"no\"><\/iframe>\n<\/div><\/figure>\n<\/details>\n\n\n\n<p><\/p>\n\n\n\n<p>I de flesta europeiska kennelklubbar, och inom FCI-systemet, finns en grundprincip:<br><strong>en ras f\u00f6rv\u00e4ntas vara erk\u00e4nd i sitt ursprungsland.<\/strong><\/p>\n\n\n\n<p>Det inneb\u00e4r att utvecklingen i USA \u2013 d\u00e4r rasen har sitt ursprung \u2013 f\u00e5r direkt betydelse \u00e4ven f\u00f6r hur rasen kan komma att hanteras i andra l\u00e4nder.<\/p>\n\n\n\n<div style=\"height:40px\" aria-hidden=\"true\" class=\"wp-block-spacer\"><\/div>\n\n\n\n<figure class=\"wp-block-image size-full has-custom-border\"><img data-opt-id=526191999  fetchpriority=\"high\" decoding=\"async\" width=\"700\" height=\"717\" src=\"https:\/\/mlvpf61vi6vj.i.optimole.com\/w:auto\/h:auto\/q:mauto\/f:best\/https:\/\/www.silken.windhound.com\/starcastlehounds\/wp-content\/uploads\/2026\/04\/en-annan-loppa.jpg\" alt=\"Loppan, Starcastle Hounds's Timeless.\nEn Silken Windhound tik hos kennel Starcastle Hound's i Sverige\" class=\"has-border-color has-custom-starcastle-gol-border-color wp-image-3326\" style=\"border-width:2px\" srcset=\"https:\/\/mlvpf61vi6vj.i.optimole.com\/w:700\/h:717\/q:mauto\/f:best\/https:\/\/www.silken.windhound.com\/starcastlehounds\/wp-content\/uploads\/2026\/04\/en-annan-loppa.jpg 700w, https:\/\/mlvpf61vi6vj.i.optimole.com\/w:293\/h:300\/q:mauto\/f:best\/https:\/\/www.silken.windhound.com\/starcastlehounds\/wp-content\/uploads\/2026\/04\/en-annan-loppa.jpg 293w\" sizes=\"(max-width: 700px) 100vw, 700px\" \/><figcaption class=\"wp-element-caption\">Loppan, Starcastle Hound&#8217;s Timeless<\/figcaption><\/figure>\n\n\n\n<div style=\"height:40px\" aria-hidden=\"true\" class=\"wp-block-spacer\"><\/div>\n\n\n\n<h2 class=\"wp-block-heading\"><strong>FCI<\/strong><\/h2>\n\n\n\n<p>N\u00e4r FCI ska erk\u00e4nna en ras finns en l\u00e5ng rad krav som ska uppfyllas. Ett av dem \u00e4r att rasen ska vara erk\u00e4nd av en f\u00f6r FCI godtagbar kennelklubb i hemlandet.<\/p>\n\n\n\n<p><strong>FCI har principen &#8220;one country &#8211; one kennel club&#8221;.<\/strong><br>FCI erk\u00e4nner bara en kennelklubb per land.<\/p>\n\n\n\n<p>I USA har Silken Windhounds varit erk\u00e4nda av UKC, United Kennel Club sedan 2011. Men UKC \u00e4r inte den amerikanska kennelklubb som FCI valt att samarbeta med, det \u00e4r AKC, American Kennel Club.<\/p>\n\n\n\n<p>AKC \u00e4r inte medlem av FCI, d\u00e4remot finns ett samarbetsavtal dem emellan.<br>De erk\u00e4nner varandras stamb\u00f6cker, accepterar registreringsdokument vilket g\u00f6r att hundar kan exporteras och importeras etc.<\/p>\n\n\n\n<p>\u00c4ven om AKC och FCI har ett samarbetsavtal och i stor utstr\u00e4ckning erk\u00e4nner varandras registreringar, inneb\u00e4r det inte att en ras automatiskt erk\u00e4nns i b\u00e5da systemen.<\/p>\n\n\n\n<p>FSS \u00e4r allts\u00e5 inte slutm\u00e5let, utan b\u00f6rjan p\u00e5 en process som i b\u00e4sta fall kan leda vidare till erk\u00e4nnande i USA.<\/p>\n\n\n\n<p><\/p>\n\n\n\n<h2 class=\"wp-block-heading\">SKK<\/h2>\n\n\n\n<p>\u00c4ven SKK har som grundprincip att en ny ras ska vara erk\u00e4nd i sitt ursprungsland.<\/p>\n\n\n\n<div class=\"wp-block-columns is-layout-flex wp-container-core-columns-is-layout-44d6ecb9 wp-block-columns-is-layout-flex\" style=\"margin-bottom:15px\">\n<div class=\"wp-block-column has-border-color has-custom-starcastle-gol-border-color is-layout-flow wp-block-column-is-layout-flow\" style=\"border-width:2px;flex-basis:50%\">\n<p><strong>L\u00e4s mer om <a href=\"https:\/\/fragor.skk.se\/org\/svenska-kennelklubben\/d\/vad-kravs-for-att-skk-ska-godkanna-en-ny-ras\/\" title=\"SKK's krav p\u00e5 nya raser \" target=\"_blank\" rel=\"noopener noreferrer nofollow\">SKK&#8217;s krav p\u00e5 nya raser <\/a><\/strong><\/p>\n<\/div>\n\n\n\n<div class=\"wp-block-column is-layout-flow wp-block-column-is-layout-flow\" style=\"flex-basis:33.33%\"><\/div>\n<\/div>\n\n\n\n<p>N\u00e4r det g\u00e4ller de enskilda kennelklubbarna som \u00e4r associerade med FCI s\u00e5 har de faktiskt r\u00e4tt stora m\u00f6jligheter att s\u00e4tta sina egna regler. Detta \u00e4r ett s\u00e5dant fall.<\/p>\n\n\n\n<p>Som exempel kan n\u00e4mnas att flera l\u00e4nder vars kennelklubbar \u00e4r associerade med FCI redan har erk\u00e4nt Silken Windhounds p\u00e5 nationell niv\u00e5, och allts\u00e5 k\u00f6rt \u00f6ver kravet p\u00e5 att rasen ska vara erk\u00e4nd i ursprungslandet.<\/p>\n\n\n\n<p>SKK har ocks\u00e5 gjort det, samt erk\u00e4nt minst en ras som \u00e4r inne i FSS men \u00e4nnu inte fullt erk\u00e4nd av AKC.<\/p>\n\n\n\n<p>Tidigare har i alla fall SKK gjort klart att FSS inte r\u00e4knas som ett erk\u00e4nnade (och det \u00e4r ju inte ett fullt erk\u00e4nnande) och att en FSS registering d\u00e4rf\u00f6r inte r\u00e4knas.<\/p>\n\n\n\n<p>Som exempel kan n\u00e4mnas att SKK nyligen har erk\u00e4nt Alaskan Klee Kai.<\/p>\n\n\n\n<p>Rasen \u00e4r i dagsl\u00e4get inte fullt erk\u00e4nd av AKC, utan befinner sig fortfarande inom FSS-systemet (i Miscellaneous Class).<\/p>\n\n\n\n<p>Detta visar att ett fullt erk\u00e4nnande i ursprungslandet inte alltid har varit ett absolut krav i praktiken.<\/p>\n\n\n\n<p><\/p>\n\n\n\n<h2 class=\"wp-block-heading\">Men vad har det f\u00f6r praktiskt betydelse f\u00f6r Silken Windhounds i Sverige?<\/h2>\n\n\n\n<p><\/p>\n\n\n\n<p>Det inneb\u00e4r att om och n\u00e4r SSWK, Svenska Silken Windhound Klubben, ans\u00f6ker om erk\u00e4nnande av rasen hos SKK, s\u00e5 har f\u00f6ruts\u00e4ttningarna f\u00f6r\u00e4ndrats till det b\u00e4ttre.<br>Att Silken Windhounds nu finns inom FSS indikerar en riktning fr\u00e5n AKC som, om processen forts\u00e4tter, kan leda till fullt erk\u00e4nnande.<\/p>\n\n\n\n<p><\/p>\n\n\n\n<p>Samtidigt erk\u00e4nns inga raser utan att n\u00e5gon ans\u00f6ker.<br>En s\u00e5dan ans\u00f6kan m\u00e5ste komma fr\u00e5n rasklubben, och det \u00e4r ett omfattande arbete som kr\u00e4ver b\u00e5de tid och engagerade medlemmar.<\/p>\n\n\n\n<p>\u00c4r du intresserad av Silken Windhounds och vill se rasen erk\u00e4nd i b\u00e5de SKK och FCI?<br>D\u00e5 \u00e4r det genom ett aktivt rasklubbsarbete utvecklingen sker \u2013 \u00f6verv\u00e4g att g\u00e5 med i <a href=\"https:\/\/svenskasilkenwindhoundklubben.weebly.com\/\" title=\"SSWK\" target=\"_blank\" rel=\"noopener noreferrer nofollow\">SSWK<\/a>.<\/p>\n\n\n\n<p class=\"has-custom-starcastle-gol-color has-text-color has-link-color wp-elements-3a28b1acdc19907144761793adfb631a\"><em>F\u00f6r mig som var med p\u00e5 <a href=\"https:\/\/silkenwindhoundnews.wordpress.com\/2010\/08\/09\/the-first-silkenfest\/\" title=\"f\u00f6rsta Silkenfest\" target=\"_blank\" rel=\"noopener noreferrer nofollow\">f\u00f6rsta Silkenfest<\/a> p\u00e5skhelgen 1999, d\u00e5 vi grundande ISWS, International Silken Windhound Society och p\u00e5b\u00f6rjade arbetet med rasstandard, och d\u00e5 jag st\u00e4llde den magiska fr\u00e5gan; vad \u00e4r chansen att vi kan ta rasen till AKC? s\u00e5 har det varit en l\u00e5ng v\u00e4ntan, 27 \u00e5r plus en vecka noga r\u00e4knat \ud83d\ude0a<br>Vi \u00e4r inte framme i AKC \u00e4n, men nu \u00e4r rasen p\u00e5 v\u00e4g dit!<\/em><\/p>\n\n\n\n<div style=\"height:30px\" aria-hidden=\"true\" class=\"wp-block-spacer\"><\/div>\n\n\n\n<figure class=\"wp-block-image aligncenter size-full\"><img data-opt-id=107119037  fetchpriority=\"high\" decoding=\"async\" width=\"75\" height=\"56\" src=\"https:\/\/mlvpf61vi6vj.i.optimole.com\/w:auto\/h:auto\/q:mauto\/f:best\/https:\/\/www.silken.windhound.com\/starcastlehounds\/wp-content\/uploads\/2026\/03\/Silken-Windhound_4-liggande-accentcolor-75px.png\" alt=\"\" class=\"wp-image-2333\"\/><\/figure>\n\n\n<div class=\"wp-block-ub-divider ub_divider ub-divider-orientation-horizontal\" id=\"ub_divider_c8a0be1e-7f6a-424b-9b11-23f77ede00ee\"><div class=\"ub_divider_wrapper\" style=\"position: relative; margin-bottom: 2px; width: 100%; height: 2px; \" data-divider-alignment=\"center\"><div class=\"ub_divider_line\" style=\"border-top: 2px solid #8e8468; margin-top: 2px; \"><\/div><\/div><\/div>\n\n\n<div style=\"height:60px\" aria-hidden=\"true\" class=\"wp-block-spacer\"><\/div>\n\n\n\n<p>Vill du f\u00f6rdjupa dig ytterligare finns mer att l\u00e4sa om hur Silken Windhound har utvecklats internationellt \u2013 fr\u00e5n de f\u00f6rsta stegen utanf\u00f6r USA till rasens nuvarande spridning och erk\u00e4nnande i olika l\u00e4nder.<br>Du kan ocks\u00e5 l\u00e4sa mer om hur registreringar hanteras, var rasen finns idag och hur v\u00e4gen mot erk\u00e4nnande har sett ut i olika delar av v\u00e4rlden.<br><br><a href=\"https:\/\/www.silken.windhound.com\/starcastlehounds\/history-of-the-silken-windhound\/global-presence\/\" title=\"Global Presence\">\u2192 Global Presence<\/a><\/p>\n\n\n\n<div style=\"height:20px\" aria-hidden=\"true\" class=\"wp-block-spacer\"><\/div>\n\n\n\n<p><a href=\"https:\/\/www.silken.windhound.com\/starcastlehounds\/silken-windhounds-i-sverige\/\" title=\"\u2190 Tillbaka till Silken Windhounds i Sverige\">\u2190 Tillbaka till Silken Windhounds i Sverige<\/a><\/p>\n\n\n\n<div style=\"height:20px\" aria-hidden=\"true\" class=\"wp-block-spacer\"><\/div>\n\n\n\n<p><\/p>\n\n\n\n<div class=\"wp-block-group has-border-color has-custom-starcastle-gol-border-color is-layout-flow wp-block-group-is-layout-flow\" style=\"border-width:2px;padding-top:24px;padding-right:24px;padding-bottom:24px;padding-left:24px\">\n<div class=\"wp-block-columns is-layout-flex wp-container-core-columns-is-layout-28f84493 wp-block-columns-is-layout-flex\">\n<div class=\"wp-block-column is-vertically-aligned-center is-layout-flow wp-block-column-is-layout-flow\">\n<figure class=\"wp-block-image aligncenter size-full is-resized\"><img data-opt-id=337923112  data-opt-src=\"https:\/\/mlvpf61vi6vj.i.optimole.com\/w:auto\/h:auto\/q:mauto\/f:best\/https:\/\/www.silken.windhound.com\/starcastlehounds\/wp-content\/uploads\/2026\/02\/quill-1-600-bred-facing-right.png\"  decoding=\"async\" width=\"600\" height=\"600\" src=\"data:image/svg+xml,%3Csvg%20viewBox%3D%220%200%20100%%20100%%22%20width%3D%22100%%22%20height%3D%22100%%22%20xmlns%3D%22http%3A%2F%2Fwww.w3.org%2F2000%2Fsvg%22%3E%3Crect%20width%3D%22100%%22%20height%3D%22100%%22%20fill%3D%22transparent%22%2F%3E%3C%2Fsvg%3E\" alt=\"\" class=\"wp-image-875\" style=\"width:220px\" old-srcset=\"https:\/\/mlvpf61vi6vj.i.optimole.com\/w:600\/h:600\/q:mauto\/f:best\/https:\/\/www.silken.windhound.com\/starcastlehounds\/wp-content\/uploads\/2026\/02\/quill-1-600-bred-facing-right.png 600w, https:\/\/mlvpf61vi6vj.i.optimole.com\/w:300\/h:300\/q:mauto\/f:best\/https:\/\/www.silken.windhound.com\/starcastlehounds\/wp-content\/uploads\/2026\/02\/quill-1-600-bred-facing-right.png 300w, https:\/\/mlvpf61vi6vj.i.optimole.com\/w:150\/h:150\/q:mauto\/f:best\/https:\/\/www.silken.windhound.com\/starcastlehounds\/wp-content\/uploads\/2026\/02\/quill-1-600-bred-facing-right.png 150w\" \/><\/figure>\n\n\n\n<p class=\"has-text-align-center has-custom-starcastle-gol-color has-text-color has-link-color has-medium-font-size wp-elements-cc7b7b30bdc1df2731b02f00b392967d\"><em>Susann Stjernborg<\/em><\/p>\n\n\n\n<p class=\"has-text-align-center has-custom-starcastle-gol-color has-text-color has-link-color wp-elements-40046ed7e723376156ee59d9615b0492\"><em>Silken Windhounds since 1998<\/em><\/p>\n\n\n\n<p class=\"has-custom-accent-color has-text-color has-link-color has-small-font-size wp-elements-9c76ad8cc51c128ac0852f7ab83c93fc\"><em>Denna sida \u00e4r en personlig genomg\u00e5ng och f\u00f6rklaring, baserad p\u00e5 tillg\u00e4nglig information och egen erfarenhet.<br>Den representerar inte n\u00e5gon rasklubb eller organisation, utan \u00e4r skriven f\u00f6r att g\u00f6ra ett komplext system mer begripligt.<\/em><\/p>\n<\/div>\n\n\n\n<div class=\"wp-block-column is-layout-flow wp-block-column-is-layout-flow\">\n<figure class=\"wp-block-image alignright size-full is-resized\"><img data-opt-id=1129642098  data-opt-src=\"https:\/\/mlvpf61vi6vj.i.optimole.com\/w:auto\/h:auto\/q:mauto\/f:best\/https:\/\/www.silken.windhound.com\/starcastlehounds\/wp-content\/uploads\/2026\/02\/Sussi-PS-800-height.jpg\"  decoding=\"async\" width=\"661\" height=\"800\" src=\"data:image/svg+xml,%3Csvg%20viewBox%3D%220%200%20100%%20100%%22%20width%3D%22100%%22%20height%3D%22100%%22%20xmlns%3D%22http%3A%2F%2Fwww.w3.org%2F2000%2Fsvg%22%3E%3Crect%20width%3D%22100%%22%20height%3D%22100%%22%20fill%3D%22transparent%22%2F%3E%3C%2Fsvg%3E\" alt=\"\" class=\"wp-image-873\" style=\"width:240px\" old-srcset=\"https:\/\/mlvpf61vi6vj.i.optimole.com\/w:661\/h:800\/q:mauto\/f:best\/https:\/\/www.silken.windhound.com\/starcastlehounds\/wp-content\/uploads\/2026\/02\/Sussi-PS-800-height.jpg 661w, https:\/\/mlvpf61vi6vj.i.optimole.com\/w:248\/h:300\/q:mauto\/f:best\/https:\/\/www.silken.windhound.com\/starcastlehounds\/wp-content\/uploads\/2026\/02\/Sussi-PS-800-height.jpg 248w\" \/><\/figure>\n<\/div>\n<\/div>\n<\/div>\n","protected":false},"excerpt":{"rendered":"<p>Vad har erk\u00e4nnande av FSS f\u00f6r betydelse f\u00f6r rasen Silken Windhound i Sverige?<\/p>\n","protected":false},"author":3,"featured_media":0,"parent":2940,"menu_order":0,"comment_status":"closed","ping_status":"closed","template":"longpage-signature","meta":{"_lmt_disableupdate":"","_lmt_disable":"","slim_seo":{"description":"Vad har erk\u00e4nnande av FSS f\u00f6r betydelse f\u00f6r rasen Silken Windhound i Sverige?","title":"FSS, vad betyder det f\u00f6r rasen i Sverige?"},"footnotes":""},"class_list":["post-2970","page","type-page","status-publish","hentry"],"featured_image_src":null,"_links":{"self":[{"href":"https:\/\/www.silken.windhound.com\/starcastlehounds\/wp-json\/wp\/v2\/pages\/2970","targetHints":{"allow":["GET"]}}],"collection":[{"href":"https:\/\/www.silken.windhound.com\/starcastlehounds\/wp-json\/wp\/v2\/pages"}],"about":[{"href":"https:\/\/www.silken.windhound.com\/starcastlehounds\/wp-json\/wp\/v2\/types\/page"}],"author":[{"embeddable":true,"href":"https:\/\/www.silken.windhound.com\/starcastlehounds\/wp-json\/wp\/v2\/users\/3"}],"replies":[{"embeddable":true,"href":"https:\/\/www.silken.windhound.com\/starcastlehounds\/wp-json\/wp\/v2\/comments?post=2970"}],"version-history":[{"count":40,"href":"https:\/\/www.silken.windhound.com\/starcastlehounds\/wp-json\/wp\/v2\/pages\/2970\/revisions"}],"predecessor-version":[{"id":3335,"href":"https:\/\/www.silken.windhound.com\/starcastlehounds\/wp-json\/wp\/v2\/pages\/2970\/revisions\/3335"}],"up":[{"embeddable":true,"href":"https:\/\/www.silken.windhound.com\/starcastlehounds\/wp-json\/wp\/v2\/pages\/2940"}],"wp:attachment":[{"href":"https:\/\/www.silken.windhound.com\/starcastlehounds\/wp-json\/wp\/v2\/media?parent=2970"}],"curies":[{"name":"wp","href":"https:\/\/api.w.org\/{rel}","templated":true}]}}