{"id":2951,"date":"2026-04-15T15:51:17","date_gmt":"2026-04-15T14:51:17","guid":{"rendered":"https:\/\/www.silken.windhound.com\/starcastlehounds\/?page_id=2951"},"modified":"2026-04-21T22:00:18","modified_gmt":"2026-04-21T21:00:18","slug":"fss-foundation-stock-service","status":"publish","type":"page","link":"https:\/\/www.silken.windhound.com\/starcastlehounds\/silken-windhounds-i-sverige\/fss-foundation-stock-service\/","title":{"rendered":"FSS Foundation Stock Service"},"content":{"rendered":"\n<p><\/p>\n\n\n\n<h2 class=\"wp-block-heading\">FSS \u2013 vad inneb\u00e4r det?<\/h2>\n\n\n\n<p>Nu har Silken Windhounds accepterats av FSS, men vad \u00e4r FSS?<\/p>\n\n\n\n<p>FSS st\u00e5r f\u00f6r Foundation Stock Service och <strong>\u00e4r ett register hos American Kennel Club f\u00f6r raser som \u00e4nnu inte \u00e4r erk\u00e4nda.<\/strong><\/p>\n\n\n\n<p>FSS \u00e4r ett f\u00f6rsta steg i AKC:s system, inte ett erk\u00e4nnande av rasen.<\/p>\n\n\n\n<p>FSS \u00e4r ett eget litet universum, med egna regler och krav.<br>Det \u00e4r som en roadmap fr\u00e5n n\u00e4r man kommer in i FSS tills rasen kan komma in i AKC och bli en fullt erk\u00e4nd ras.<\/p>\n\n\n\n<p>Hela kravlistan hittar du h\u00e4r<br><a href=\"https:\/\/www.akc.org\/breeder-programs\/foundation-stock-service-program\/program-home\/\" target=\"_blank\" rel=\"noopener noreferrer nofollow\">https:\/\/www.akc.org\/breeder-programs\/foundation-stock-service-program\/program-home\/<\/a><\/p>\n\n\n\n<div style=\"height:20px\" aria-hidden=\"true\" class=\"wp-block-spacer\"><\/div>\n\n\n\n<figure class=\"wp-block-image size-full has-custom-border\"><img data-opt-id=822661303  fetchpriority=\"high\" decoding=\"async\" width=\"575\" height=\"800\" src=\"https:\/\/mlvpf61vi6vj.i.optimole.com\/w:auto\/h:auto\/q:mauto\/f:best\/https:\/\/www.silken.windhound.com\/starcastlehounds\/wp-content\/uploads\/2026\/04\/brendan.jpg\" alt=\"Brendan var en amerikansk Silken Windhound import till Sverige\" class=\"has-border-color has-custom-starcastle-gol-border-color wp-image-3328\" style=\"border-width:2px\" srcset=\"https:\/\/mlvpf61vi6vj.i.optimole.com\/w:575\/h:800\/q:mauto\/f:best\/https:\/\/www.silken.windhound.com\/starcastlehounds\/wp-content\/uploads\/2026\/04\/brendan.jpg 575w, https:\/\/mlvpf61vi6vj.i.optimole.com\/w:216\/h:300\/q:mauto\/f:best\/https:\/\/www.silken.windhound.com\/starcastlehounds\/wp-content\/uploads\/2026\/04\/brendan.jpg 216w\" sizes=\"(max-width: 575px) 100vw, 575px\" \/><figcaption class=\"wp-element-caption\">SBIS SSWK V-08, V-09, V-10 Windspirit Brendan of Rennaissance<\/figcaption><\/figure>\n\n\n\n<div style=\"height:40px\" aria-hidden=\"true\" class=\"wp-block-spacer\"><\/div>\n\n\n\n<p><strong>F\u00f6ljande krav st\u00e4lls i b\u00f6rjan, innan rasen kan komma till att antas in i Miscellaneous Class<\/strong><\/p>\n\n\n\n<p>\u2022 Det ska finnas en <strong>nationell rasklubb i USA<\/strong> som representerar rasen<\/p>\n\n\n\n<p>\u2022 Klubben ska ha <strong>minst ca 100 aktiva medlemmar<\/strong><\/p>\n\n\n\n<p>\u2022 Medlemmarna ska vara <strong>geografiskt spridda \u00f6ver ett stort antal delstater (ca 20 eller fler)<\/strong><\/p>\n\n\n\n<p>\u2022 Klubben ska ha en fungerande organisation med<br>\u2013 styrelse<br>\u2013 stadgar<br>\u2013 m\u00f6ten och protokoll<\/p>\n\n\n\n<p>\u2022 Klubben ska bedriva <strong>aktiv verksamhet<\/strong>, t.ex.<br>\u2013 arrangera aktiviteter och event<br>\u2013 ge ut nyhetsbrev<br>\u2013 ha olika funktioner\/kommitt\u00e9er<\/p>\n\n\n\n<p>\u2022 Det ska finnas en <strong>godk\u00e4nd rasstandard<\/strong><\/p>\n\n\n\n<p>\u2022 Det ska finnas en <strong>tillr\u00e4ckligt stor och dokumenterad population<\/strong> i USA<\/p>\n\n\n\n<figure class=\"wp-block-image aligncenter size-full\"><img data-opt-id=107119037  fetchpriority=\"high\" decoding=\"async\" width=\"75\" height=\"56\" src=\"https:\/\/mlvpf61vi6vj.i.optimole.com\/w:auto\/h:auto\/q:mauto\/f:best\/https:\/\/www.silken.windhound.com\/starcastlehounds\/wp-content\/uploads\/2026\/03\/Silken-Windhound_4-liggande-accentcolor-75px.png\" alt=\"\" class=\"wp-image-2333\"\/><\/figure>\n\n\n<div class=\"wp-block-ub-divider ub_divider ub-divider-orientation-horizontal\" id=\"ub_divider_b9e344e3-7c47-4f3b-ab9f-575d4a0d14e2\"><div class=\"ub_divider_wrapper\" style=\"position: relative; margin-bottom: 2px; width: 100%; height: 2px; \" data-divider-alignment=\"center\"><div class=\"ub_divider_line\" style=\"border-top: 2px solid #8e8468; margin-top: 2px; \"><\/div><\/div><\/div>\n\n\n<p><\/p>\n\n\n\n<p>Det finns inte l\u00e4ngre tydliga fasta tidskrav f\u00f6r varje steg i processen.<br>Ist\u00e4llet bed\u00f6mer AKC om kraven \u00e4r uppfyllda i praktiken, vilket g\u00f6r att tids\u00e5tg\u00e5ngen kan variera kraftigt mellan olika raser.<\/p>\n\n\n\n<p>Men det \u00e4r minst ett \u00e5r i FSS och sedan som regel minst 2 \u00e5r i Miscellaneous Class som liksom \u00e4r n\u00e4sta steg p\u00e5 v\u00e4gen.<\/p>\n\n\n\n<p>N\u00e4r en ras v\u00e4l har n\u00e5tt Miscellaneous Class kr\u00e4vs d\u00e4remot normalt en viss tid i den klassen innan fullst\u00e4ndigt erk\u00e4nnande kan bli aktuellt.<\/p>\n\n\n\n<p>Vanligtvis stannar raser i Miscellaneous Class i ett till tre \u00e5r.<br>\u00d6verg\u00e5ng till full registrering \u00e4r beroende av \u00f6kad registrering av hundar i FSS\u00ae samt deltagande i AKC-evenemang.<\/p>\n\n\n\n<p>Raser med 1 000 eller fler hundar registrerade i FSS\u00ae kan dock utv\u00e4rderas redan efter sex m\u00e5nader i Miscellaneous Class, men dessa raser ska \u00e4nd\u00e5 stanna i klassen i minst 18 m\u00e5nader.<\/p>\n\n\n\n<p>Raser med f\u00e4rre \u00e4n 1 000 hundar utv\u00e4rderas i slutet av varje \u00e5r i Miscellaneous Class.<\/p>\n\n\n\n<p>Mer om kraven kring Miscellaneous Class och allt vad det inneb\u00e4r hittar du en bit ner p\u00e5 sidan om <a href=\"https:\/\/www.akc.org\/breeder-programs\/foundation-stock-service-program\/program-home\/\" title=\"FSS\" target=\"_blank\" rel=\"noopener noreferrer nofollow\">FSS<\/a>.<\/p>\n\n\n\n<p>N\u00e4r samtliga kriterier \u00e4r uppfyllda presenteras underlaget f\u00f6r AKC:s styrelse, som beslutar om rasen ska g\u00e5 vidare till full AKC-erk\u00e4nnande och f\u00e5 t\u00e4vla i exteri\u00f6rbed\u00f6mning.<\/p>\n\n\n\n<p>F\u00f6r raser med f\u00e5 hundar i USA kan tiden i FSS och\/eller Misc bli l\u00e5ng. Det finns exempel p\u00e5 raser som har blivit kvar i FSS i upp till 15 \u00e5r. Sk\u00e4let \u00e4r helt enkelt att det finns f\u00f6r f\u00e5 hundar, f\u00f6r f\u00e5 \u00e4gare och f\u00f6r f\u00e5 aktiva hundar f\u00f6r att American Kennel Club ska bed\u00f6ma att det finns tillr\u00e4ckliga f\u00f6ruts\u00e4ttningar f\u00f6r att rasen ska kunna etablera sig och \u00f6verleva i USA.<br>D\u00e4rmed stannar de kvar i \u201cfarstun\u201d, det vill s\u00e4ga i FSS.<\/p>\n\n\n\n<p>F\u00f6r andra raser som \u00e4r betydligt mer talrika i USA, och som redan har aktiva rasklubbar n\u00e4r de kommer in i FSS, kan processen g\u00e5 betydligt snabbare. De kan ta sig igenom systemet p\u00e5 kortast m\u00f6jliga tid och i vissa fall n\u00e5 fullt erk\u00e4nnande av AKC inom 2\u20133 \u00e5r.<\/p>\n\n\n\n<p>Silken Windhound f\u00e5r sannolikt r\u00e4knas till denna mer talrika grupp. Antalet registrerade hundar \u00f6verstiger med god marginal minimikraven, och rasen \u00e4r redan aktiv inom flera olika organisationer och verksamheter i USA, s\u00e5som United Kennel Club och olika klubbar f\u00f6r vinthundssporter. Sammantaget inneb\u00e4r detta att Silken Windhound redan idag h\u00f6r till de raser som har ett stort antal aktiva och t\u00e4vlande individer.<\/p>\n\n\n\n<figure class=\"wp-block-image aligncenter size-full\"><img data-opt-id=107119037  fetchpriority=\"high\" decoding=\"async\" width=\"75\" height=\"56\" src=\"https:\/\/mlvpf61vi6vj.i.optimole.com\/w:auto\/h:auto\/q:mauto\/f:best\/https:\/\/www.silken.windhound.com\/starcastlehounds\/wp-content\/uploads\/2026\/03\/Silken-Windhound_4-liggande-accentcolor-75px.png\" alt=\"\" class=\"wp-image-2333\"\/><\/figure>\n\n\n<div class=\"wp-block-ub-divider ub_divider ub-divider-orientation-horizontal\" id=\"ub_divider_e3c3fd1c-ad48-4693-b31e-43a69056efd1\"><div class=\"ub_divider_wrapper\" style=\"position: relative; margin-bottom: 2px; width: 100%; height: 2px; \" data-divider-alignment=\"center\"><div class=\"ub_divider_line\" style=\"border-top: 2px solid #8e8468; margin-top: 2px; \"><\/div><\/div><\/div>\n\n\n<p><\/p>\n\n\n\n<p>Som f\u00f6r de flesta kennelklubbar runt om i v\u00e4rlden g\u00e4ller f\u00f6r AKC att endast hundar inom det egna landet kan registreras.<\/p>\n\n\n\n<p>F\u00f6rhoppningen fr\u00e5n ISWS sida var att hela ISWS stambok skulle kunna f\u00f6ras \u00f6ver till FSS, s\u00e5 att \u00e4ven Silkens utanf\u00f6r USA automatiskt skulle omfattas. Detta avslogs av AKC.<br>Ist\u00e4llet m\u00e5ste nu varje hund i USA registreras individuellt, genom att \u00e4garen ans\u00f6ker om registrering f\u00f6r varje enskild hund.<\/p>\n\n\n\n<p>Den dag rasen eventuellt uppn\u00e5r fullt erk\u00e4nnande i AKC kommer endast de Silkens som finns i FSS och som har minst tre fulla generationer bakom sig att kunna registreras i AKC:s huvudregister.<br>\u00c4ven detta sker genom individuella ans\u00f6kningar fr\u00e5n hund\u00e4garna, med tillh\u00f6rande avgifter.<\/p>\n\n\n\n<p>F\u00f6r den som i framtiden vill importera en Silken med AKC-registrering inneb\u00e4r detta att man f\u00e5r r\u00e4kna med en v\u00e4ntetid p\u00e5 flera \u00e5r.<\/p>\n\n\n\n<p>Dels ska rasen ta sig igenom hela processen fr\u00e5n FSS till fullt erk\u00e4nnande, dels kommer ett mycket stort antal hundar d\u00e4refter att beh\u00f6va registreras i AKC.<\/p>\n\n\n\n<p>Samtidigt kan man f\u00f6rv\u00e4nta sig ett mycket stort internationellt intresse f\u00f6r AKC-registrerade Silkens, vilket sannolikt leder till en situation d\u00e4r efterfr\u00e5gan kraftigt \u00f6verstiger tillg\u00e5ngen.<\/p>\n\n\n\n<p>\u00c4ven om antalet valpkullar kan komma att \u00f6ka i samband med detta, \u00e4r det sannolikt att efterfr\u00e5gan under en period kommer att vara betydligt st\u00f6rre \u00e4n tillg\u00e5ngen.<\/p>\n\n\n\n<p>Det \u00e4r d\u00e4rf\u00f6r rimligt att r\u00e4kna med att priserna p\u00e5 Silken Windhounds kommer att stiga.<br>Redan idag ligger priset p\u00e5 en valp i USA ofta mellan 3 000 och 5 000 USD, och niv\u00e5erna kan f\u00f6rv\u00e4ntas \u00f6ka ytterligare under de f\u00f6rsta \u00e5ren innan marknaden stabiliseras.<\/p>\n\n\n\n<p><\/p>\n\n\n\n<p><a href=\"https:\/\/www.silken.windhound.com\/starcastlehounds\/silken-windhounds-i-sverige\/\" title=\"\u2190 Tillbaka till Silken Windhounds i Sverige\">\u2190 Tillbaka till Silken Windhounds i Sverige<\/a><\/p>\n\n\n\n<div style=\"height:20px\" aria-hidden=\"true\" class=\"wp-block-spacer\"><\/div>\n\n\n\n<div class=\"wp-block-group has-border-color has-custom-starcastle-gol-border-color is-layout-flow wp-block-group-is-layout-flow\" style=\"border-width:2px;padding-top:24px;padding-right:24px;padding-bottom:24px;padding-left:24px\">\n<div class=\"wp-block-columns is-layout-flex wp-container-core-columns-is-layout-28f84493 wp-block-columns-is-layout-flex\">\n<div class=\"wp-block-column is-vertically-aligned-center is-layout-flow wp-block-column-is-layout-flow\">\n<figure class=\"wp-block-image aligncenter size-full is-resized\"><img data-opt-id=337923112  data-opt-src=\"https:\/\/mlvpf61vi6vj.i.optimole.com\/w:auto\/h:auto\/q:mauto\/f:best\/https:\/\/www.silken.windhound.com\/starcastlehounds\/wp-content\/uploads\/2026\/02\/quill-1-600-bred-facing-right.png\"  decoding=\"async\" width=\"600\" height=\"600\" src=\"data:image/svg+xml,%3Csvg%20viewBox%3D%220%200%20100%%20100%%22%20width%3D%22100%%22%20height%3D%22100%%22%20xmlns%3D%22http%3A%2F%2Fwww.w3.org%2F2000%2Fsvg%22%3E%3Crect%20width%3D%22100%%22%20height%3D%22100%%22%20fill%3D%22transparent%22%2F%3E%3C%2Fsvg%3E\" alt=\"\" class=\"wp-image-875\" style=\"width:220px\" old-srcset=\"https:\/\/mlvpf61vi6vj.i.optimole.com\/w:600\/h:600\/q:mauto\/f:best\/https:\/\/www.silken.windhound.com\/starcastlehounds\/wp-content\/uploads\/2026\/02\/quill-1-600-bred-facing-right.png 600w, https:\/\/mlvpf61vi6vj.i.optimole.com\/w:300\/h:300\/q:mauto\/f:best\/https:\/\/www.silken.windhound.com\/starcastlehounds\/wp-content\/uploads\/2026\/02\/quill-1-600-bred-facing-right.png 300w, https:\/\/mlvpf61vi6vj.i.optimole.com\/w:150\/h:150\/q:mauto\/f:best\/https:\/\/www.silken.windhound.com\/starcastlehounds\/wp-content\/uploads\/2026\/02\/quill-1-600-bred-facing-right.png 150w\" \/><\/figure>\n\n\n\n<p class=\"has-text-align-center has-custom-starcastle-gol-color has-text-color has-link-color has-medium-font-size wp-elements-cc7b7b30bdc1df2731b02f00b392967d\"><em>Susann Stjernborg<\/em><\/p>\n\n\n\n<p class=\"has-text-align-center has-custom-starcastle-gol-color has-text-color has-link-color wp-elements-40046ed7e723376156ee59d9615b0492\"><em>Silken Windhounds since 1998<\/em><\/p>\n\n\n\n<p class=\"has-custom-accent-color has-text-color has-link-color has-small-font-size wp-elements-9c76ad8cc51c128ac0852f7ab83c93fc\"><em>Denna sida \u00e4r en personlig genomg\u00e5ng och f\u00f6rklaring, baserad p\u00e5 tillg\u00e4nglig information och egen erfarenhet.<br>Den representerar inte n\u00e5gon rasklubb eller organisation, utan \u00e4r skriven f\u00f6r att g\u00f6ra ett komplext system mer begripligt.<\/em><\/p>\n<\/div>\n\n\n\n<div class=\"wp-block-column is-layout-flow wp-block-column-is-layout-flow\">\n<figure class=\"wp-block-image alignright size-full is-resized\"><img data-opt-id=1129642098  data-opt-src=\"https:\/\/mlvpf61vi6vj.i.optimole.com\/w:auto\/h:auto\/q:mauto\/f:best\/https:\/\/www.silken.windhound.com\/starcastlehounds\/wp-content\/uploads\/2026\/02\/Sussi-PS-800-height.jpg\"  decoding=\"async\" width=\"661\" height=\"800\" src=\"data:image/svg+xml,%3Csvg%20viewBox%3D%220%200%20100%%20100%%22%20width%3D%22100%%22%20height%3D%22100%%22%20xmlns%3D%22http%3A%2F%2Fwww.w3.org%2F2000%2Fsvg%22%3E%3Crect%20width%3D%22100%%22%20height%3D%22100%%22%20fill%3D%22transparent%22%2F%3E%3C%2Fsvg%3E\" alt=\"\" class=\"wp-image-873\" style=\"width:240px\" old-srcset=\"https:\/\/mlvpf61vi6vj.i.optimole.com\/w:661\/h:800\/q:mauto\/f:best\/https:\/\/www.silken.windhound.com\/starcastlehounds\/wp-content\/uploads\/2026\/02\/Sussi-PS-800-height.jpg 661w, https:\/\/mlvpf61vi6vj.i.optimole.com\/w:248\/h:300\/q:mauto\/f:best\/https:\/\/www.silken.windhound.com\/starcastlehounds\/wp-content\/uploads\/2026\/02\/Sussi-PS-800-height.jpg 248w\" \/><\/figure>\n<\/div>\n<\/div>\n<\/div>\n","protected":false},"excerpt":{"rendered":"<p>Information om vad det inneb\u00e4r f\u00f6r rasen Silken Windhounds i Sverige, nu n\u00e4r de accepterats in i FSS, Foundation Stock Service hos AKC<\/p>\n","protected":false},"author":3,"featured_media":0,"parent":2940,"menu_order":0,"comment_status":"closed","ping_status":"closed","template":"longpage-signature","meta":{"_lmt_disableupdate":"","_lmt_disable":"","slim_seo":{"description":"FSS Foundation Stock Service, en f\u00f6rklaring p\u00e5 svenska","title":"FSS Foundation Stock Service"},"footnotes":""},"class_list":["post-2951","page","type-page","status-publish","hentry"],"featured_image_src":null,"_links":{"self":[{"href":"https:\/\/www.silken.windhound.com\/starcastlehounds\/wp-json\/wp\/v2\/pages\/2951","targetHints":{"allow":["GET"]}}],"collection":[{"href":"https:\/\/www.silken.windhound.com\/starcastlehounds\/wp-json\/wp\/v2\/pages"}],"about":[{"href":"https:\/\/www.silken.windhound.com\/starcastlehounds\/wp-json\/wp\/v2\/types\/page"}],"author":[{"embeddable":true,"href":"https:\/\/www.silken.windhound.com\/starcastlehounds\/wp-json\/wp\/v2\/users\/3"}],"replies":[{"embeddable":true,"href":"https:\/\/www.silken.windhound.com\/starcastlehounds\/wp-json\/wp\/v2\/comments?post=2951"}],"version-history":[{"count":23,"href":"https:\/\/www.silken.windhound.com\/starcastlehounds\/wp-json\/wp\/v2\/pages\/2951\/revisions"}],"predecessor-version":[{"id":3337,"href":"https:\/\/www.silken.windhound.com\/starcastlehounds\/wp-json\/wp\/v2\/pages\/2951\/revisions\/3337"}],"up":[{"embeddable":true,"href":"https:\/\/www.silken.windhound.com\/starcastlehounds\/wp-json\/wp\/v2\/pages\/2940"}],"wp:attachment":[{"href":"https:\/\/www.silken.windhound.com\/starcastlehounds\/wp-json\/wp\/v2\/media?parent=2951"}],"curies":[{"name":"wp","href":"https:\/\/api.w.org\/{rel}","templated":true}]}}